{"id":30,"date":"2022-11-09T21:14:38","date_gmt":"2022-11-09T21:14:38","guid":{"rendered":"https:\/\/creatasie.ch\/?page_id=30"},"modified":"2023-11-13T23:09:44","modified_gmt":"2023-11-13T23:09:44","slug":"geschenktueten","status":"publish","type":"page","link":"https:\/\/creatasie.ch\/index.php\/geschenktueten\/","title":{"rendered":"Geschenkt\u00fcten"},"content":{"rendered":"\t\t<div data-elementor-type=\"wp-page\" data-elementor-id=\"30\" class=\"elementor elementor-30\">\n\t\t\t\t\t\t\t\t\t<section class=\"elementor-section elementor-top-section elementor-element elementor-element-48c8210 elementor-section-boxed elementor-section-height-default elementor-section-height-default\" data-id=\"48c8210\" data-element_type=\"section\">\n\t\t\t\t\t\t<div class=\"elementor-container elementor-column-gap-default\">\n\t\t\t\t\t<div class=\"elementor-column elementor-col-50 elementor-top-column elementor-element elementor-element-a542e0c\" data-id=\"a542e0c\" data-element_type=\"column\" data-settings=\"{&quot;background_background&quot;:&quot;classic&quot;}\">\n\t\t\t<div class=\"elementor-widget-wrap elementor-element-populated\">\n\t\t\t\t\t\t\t\t<div class=\"elementor-element elementor-element-3edb0b1 elementor-widget elementor-widget-image\" data-id=\"3edb0b1\" data-element_type=\"widget\" data-widget_type=\"image.default\">\n\t\t\t\t<div class=\"elementor-widget-container\">\n\t\t\t<style>\/*! elementor - v3.18.0 - 20-11-2023 *\/\n.elementor-widget-image{text-align:center}.elementor-widget-image a{display:inline-block}.elementor-widget-image a img[src$=\".svg\"]{width:48px}.elementor-widget-image img{vertical-align:middle;display:inline-block}<\/style>\t\t\t\t\t\t\t\t\t\t\t\t\t<a href=\"https:\/\/creatasie.ch\/index.php\/produkt\/geschenktuete-danke\/\">\n\t\t\t\t\t\t\t<img decoding=\"async\" src=\"https:\/\/creatasie.ch\/wp-content\/uploads\/elementor\/thumbs\/Danke-pxpvpdpekqo9por2p1fc7kb6ul8455i71hfqk9yyis.png\" title=\"Danke\" alt=\"Danke\" loading=\"lazy\" \/>\t\t\t\t\t\t\t\t<\/a>\n\t\t\t\t\t\t\t\t\t\t\t\t\t\t\t<\/div>\n\t\t\t\t<\/div>\n\t\t\t\t<div class=\"elementor-element elementor-element-faedd2f elementor-widget elementor-widget-heading\" data-id=\"faedd2f\" data-element_type=\"widget\" data-widget_type=\"heading.default\">\n\t\t\t\t<div class=\"elementor-widget-container\">\n\t\t\t<style>\/*! elementor - v3.18.0 - 20-11-2023 *\/\n.elementor-heading-title{padding:0;margin:0;line-height:1}.elementor-widget-heading .elementor-heading-title[class*=elementor-size-]>a{color:inherit;font-size:inherit;line-height:inherit}.elementor-widget-heading .elementor-heading-title.elementor-size-small{font-size:15px}.elementor-widget-heading .elementor-heading-title.elementor-size-medium{font-size:19px}.elementor-widget-heading .elementor-heading-title.elementor-size-large{font-size:29px}.elementor-widget-heading .elementor-heading-title.elementor-size-xl{font-size:39px}.elementor-widget-heading .elementor-heading-title.elementor-size-xxl{font-size:59px}<\/style><h6 class=\"elementor-heading-title elementor-size-default\">Geschenkt\u00fcte<br>12cm x 15cm<br>Danke <br>CHF 7.50<\/h6>\t\t<\/div>\n\t\t\t\t<\/div>\n\t\t\t\t\t<\/div>\n\t\t<\/div>\n\t\t\t\t<div class=\"elementor-column elementor-col-50 elementor-top-column elementor-element elementor-element-b825fe2\" data-id=\"b825fe2\" data-element_type=\"column\" data-settings=\"{&quot;background_background&quot;:&quot;classic&quot;}\">\n\t\t\t<div class=\"elementor-widget-wrap elementor-element-populated\">\n\t\t\t\t\t\t\t\t<div class=\"elementor-element elementor-element-fb0e1bf elementor-widget elementor-widget-image\" data-id=\"fb0e1bf\" data-element_type=\"widget\" data-widget_type=\"image.default\">\n\t\t\t\t<div class=\"elementor-widget-container\">\n\t\t\t\t\t\t\t\t\t\t\t\t\t\t\t\t<a href=\"https:\/\/creatasie.ch\/index.php\/produkt\/geschenktuete-happy-birthday\/\">\n\t\t\t\t\t\t\t<img decoding=\"async\" src=\"https:\/\/creatasie.ch\/wp-content\/uploads\/elementor\/thumbs\/happy-birthday-blau-pxpvs93ngilt6skvxa4atu7w6z2hnuwo3p75cppnic.png\" title=\"happy birthday blau\" alt=\"happy birthday blau\" loading=\"lazy\" \/>\t\t\t\t\t\t\t\t<\/a>\n\t\t\t\t\t\t\t\t\t\t\t\t\t\t\t<\/div>\n\t\t\t\t<\/div>\n\t\t\t\t<div class=\"elementor-element elementor-element-cb49f02 elementor-widget elementor-widget-heading\" data-id=\"cb49f02\" data-element_type=\"widget\" data-widget_type=\"heading.default\">\n\t\t\t\t<div class=\"elementor-widget-container\">\n\t\t\t<h6 class=\"elementor-heading-title elementor-size-default\">Geschenkt\u00fcte<br>12cm x 15cm<br>Happy Birthday <br>CHF 7.50<\/h6>\t\t<\/div>\n\t\t\t\t<\/div>\n\t\t\t\t\t<\/div>\n\t\t<\/div>\n\t\t\t\t\t\t\t<\/div>\n\t\t<\/section>\n\t\t\t\t\t\t\t<\/div>\n\t\t","protected":false},"excerpt":{"rendered":"<p>Geschenkt\u00fcte12cm x 15cmDanke CHF 7.50 Geschenkt\u00fcte12cm x 15cmHappy Birthday CHF 7.50<\/p>\n","protected":false},"author":1,"featured_media":0,"parent":0,"menu_order":0,"comment_status":"closed","ping_status":"closed","template":"","meta":{"neve_meta_sidebar":"","neve_meta_container":"","neve_meta_enable_content_width":"off","neve_meta_content_width":100,"neve_meta_title_alignment":"","neve_meta_author_avatar":"","neve_post_elements_order":"","neve_meta_disable_header":"","neve_meta_disable_footer":"","neve_meta_disable_title":"","footnotes":""},"class_list":["post-30","page","type-page","status-publish","hentry"],"yoast_head":"<!-- This site is optimized with the Yoast SEO plugin v21.5 - https:\/\/yoast.com\/wordpress\/plugins\/seo\/ -->\n<title>Geschenkt\u00fcten - creatasie<\/title>\n<meta name=\"robots\" content=\"index, follow, max-snippet:-1, max-image-preview:large, max-video-preview:-1\" \/>\n<link rel=\"canonical\" href=\"https:\/\/creatasie.ch\/index.php\/geschenktueten\/\" \/>\n<meta property=\"og:locale\" content=\"de_DE\" \/>\n<meta property=\"og:type\" content=\"article\" \/>\n<meta property=\"og:title\" content=\"Geschenkt\u00fcten - creatasie\" \/>\n<meta property=\"og:description\" content=\"Geschenkt\u00fcte12cm x 15cmDanke CHF 7.50 Geschenkt\u00fcte12cm x 15cmHappy Birthday CHF 7.50\" \/>\n<meta property=\"og:url\" content=\"https:\/\/creatasie.ch\/index.php\/geschenktueten\/\" \/>\n<meta property=\"og:site_name\" content=\"creatasie\" \/>\n<meta property=\"article:modified_time\" content=\"2023-11-13T23:09:44+00:00\" \/>\n<meta property=\"og:image\" content=\"https:\/\/creatasie.ch\/wp-content\/uploads\/elementor\/thumbs\/Danke-pxpvpdpekqo9por2p1fc7kb6ul8455i71hfqk9yyis.png\" \/>\n<meta name=\"twitter:card\" content=\"summary_large_image\" \/>\n<meta name=\"twitter:label1\" content=\"Gesch\u00e4tzte Lesezeit\" \/>\n\t<meta name=\"twitter:data1\" content=\"1\u00a0Minute\" \/>\n<script type=\"application\/ld+json\" class=\"yoast-schema-graph\">{\"@context\":\"https:\/\/schema.org\",\"@graph\":[{\"@type\":\"WebPage\",\"@id\":\"https:\/\/creatasie.ch\/index.php\/geschenktueten\/\",\"url\":\"https:\/\/creatasie.ch\/index.php\/geschenktueten\/\",\"name\":\"Geschenkt\u00fcten - creatasie\",\"isPartOf\":{\"@id\":\"https:\/\/creatasie.ch\/#website\"},\"datePublished\":\"2022-11-09T21:14:38+00:00\",\"dateModified\":\"2023-11-13T23:09:44+00:00\",\"breadcrumb\":{\"@id\":\"https:\/\/creatasie.ch\/index.php\/geschenktueten\/#breadcrumb\"},\"inLanguage\":\"de-CH\",\"potentialAction\":[{\"@type\":\"ReadAction\",\"target\":[\"https:\/\/creatasie.ch\/index.php\/geschenktueten\/\"]}]},{\"@type\":\"BreadcrumbList\",\"@id\":\"https:\/\/creatasie.ch\/index.php\/geschenktueten\/#breadcrumb\",\"itemListElement\":[{\"@type\":\"ListItem\",\"position\":1,\"name\":\"Home\",\"item\":\"https:\/\/creatasie.ch\/\"},{\"@type\":\"ListItem\",\"position\":2,\"name\":\"Geschenkt\u00fcten\"}]},{\"@type\":\"WebSite\",\"@id\":\"https:\/\/creatasie.ch\/#website\",\"url\":\"https:\/\/creatasie.ch\/\",\"name\":\"https:\/\/creatasie.ch\",\"description\":\"\",\"publisher\":{\"@id\":\"https:\/\/creatasie.ch\/#organization\"},\"alternateName\":\"creatasie\",\"potentialAction\":[{\"@type\":\"SearchAction\",\"target\":{\"@type\":\"EntryPoint\",\"urlTemplate\":\"https:\/\/creatasie.ch\/?s={search_term_string}\"},\"query-input\":\"required name=search_term_string\"}],\"inLanguage\":\"de-CH\"},{\"@type\":\"Organization\",\"@id\":\"https:\/\/creatasie.ch\/#organization\",\"name\":\"https:\/\/creatasie.ch\",\"url\":\"https:\/\/creatasie.ch\/\",\"logo\":{\"@type\":\"ImageObject\",\"inLanguage\":\"de-CH\",\"@id\":\"https:\/\/creatasie.ch\/#\/schema\/logo\/image\/\",\"url\":\"https:\/\/creatasie.ch\/wp-content\/uploads\/2023\/02\/LogoCreatasie_wh.png\",\"contentUrl\":\"https:\/\/creatasie.ch\/wp-content\/uploads\/2023\/02\/LogoCreatasie_wh.png\",\"width\":500,\"height\":500,\"caption\":\"https:\/\/creatasie.ch\"},\"image\":{\"@id\":\"https:\/\/creatasie.ch\/#\/schema\/logo\/image\/\"}}]}<\/script>\n<!-- \/ Yoast SEO plugin. -->","yoast_head_json":{"title":"Geschenkt\u00fcten - creatasie","robots":{"index":"index","follow":"follow","max-snippet":"max-snippet:-1","max-image-preview":"max-image-preview:large","max-video-preview":"max-video-preview:-1"},"canonical":"https:\/\/creatasie.ch\/index.php\/geschenktueten\/","og_locale":"de_DE","og_type":"article","og_title":"Geschenkt\u00fcten - creatasie","og_description":"Geschenkt\u00fcte12cm x 15cmDanke CHF 7.50 Geschenkt\u00fcte12cm x 15cmHappy Birthday CHF 7.50","og_url":"https:\/\/creatasie.ch\/index.php\/geschenktueten\/","og_site_name":"creatasie","article_modified_time":"2023-11-13T23:09:44+00:00","og_image":[{"url":"https:\/\/creatasie.ch\/wp-content\/uploads\/elementor\/thumbs\/Danke-pxpvpdpekqo9por2p1fc7kb6ul8455i71hfqk9yyis.png"}],"twitter_card":"summary_large_image","twitter_misc":{"Gesch\u00e4tzte Lesezeit":"1\u00a0Minute"},"schema":{"@context":"https:\/\/schema.org","@graph":[{"@type":"WebPage","@id":"https:\/\/creatasie.ch\/index.php\/geschenktueten\/","url":"https:\/\/creatasie.ch\/index.php\/geschenktueten\/","name":"Geschenkt\u00fcten - creatasie","isPartOf":{"@id":"https:\/\/creatasie.ch\/#website"},"datePublished":"2022-11-09T21:14:38+00:00","dateModified":"2023-11-13T23:09:44+00:00","breadcrumb":{"@id":"https:\/\/creatasie.ch\/index.php\/geschenktueten\/#breadcrumb"},"inLanguage":"de-CH","potentialAction":[{"@type":"ReadAction","target":["https:\/\/creatasie.ch\/index.php\/geschenktueten\/"]}]},{"@type":"BreadcrumbList","@id":"https:\/\/creatasie.ch\/index.php\/geschenktueten\/#breadcrumb","itemListElement":[{"@type":"ListItem","position":1,"name":"Home","item":"https:\/\/creatasie.ch\/"},{"@type":"ListItem","position":2,"name":"Geschenkt\u00fcten"}]},{"@type":"WebSite","@id":"https:\/\/creatasie.ch\/#website","url":"https:\/\/creatasie.ch\/","name":"https:\/\/creatasie.ch","description":"","publisher":{"@id":"https:\/\/creatasie.ch\/#organization"},"alternateName":"creatasie","potentialAction":[{"@type":"SearchAction","target":{"@type":"EntryPoint","urlTemplate":"https:\/\/creatasie.ch\/?s={search_term_string}"},"query-input":"required name=search_term_string"}],"inLanguage":"de-CH"},{"@type":"Organization","@id":"https:\/\/creatasie.ch\/#organization","name":"https:\/\/creatasie.ch","url":"https:\/\/creatasie.ch\/","logo":{"@type":"ImageObject","inLanguage":"de-CH","@id":"https:\/\/creatasie.ch\/#\/schema\/logo\/image\/","url":"https:\/\/creatasie.ch\/wp-content\/uploads\/2023\/02\/LogoCreatasie_wh.png","contentUrl":"https:\/\/creatasie.ch\/wp-content\/uploads\/2023\/02\/LogoCreatasie_wh.png","width":500,"height":500,"caption":"https:\/\/creatasie.ch"},"image":{"@id":"https:\/\/creatasie.ch\/#\/schema\/logo\/image\/"}}]}},"jetpack_sharing_enabled":true,"_links":{"self":[{"href":"https:\/\/creatasie.ch\/index.php\/wp-json\/wp\/v2\/pages\/30","targetHints":{"allow":["GET"]}}],"collection":[{"href":"https:\/\/creatasie.ch\/index.php\/wp-json\/wp\/v2\/pages"}],"about":[{"href":"https:\/\/creatasie.ch\/index.php\/wp-json\/wp\/v2\/types\/page"}],"author":[{"embeddable":true,"href":"https:\/\/creatasie.ch\/index.php\/wp-json\/wp\/v2\/users\/1"}],"replies":[{"embeddable":true,"href":"https:\/\/creatasie.ch\/index.php\/wp-json\/wp\/v2\/comments?post=30"}],"version-history":[{"count":40,"href":"https:\/\/creatasie.ch\/index.php\/wp-json\/wp\/v2\/pages\/30\/revisions"}],"predecessor-version":[{"id":1834,"href":"https:\/\/creatasie.ch\/index.php\/wp-json\/wp\/v2\/pages\/30\/revisions\/1834"}],"wp:attachment":[{"href":"https:\/\/creatasie.ch\/index.php\/wp-json\/wp\/v2\/media?parent=30"}],"curies":[{"name":"wp","href":"https:\/\/api.w.org\/{rel}","templated":true}]}}