{"id":217,"date":"2022-11-14T21:48:46","date_gmt":"2022-11-14T21:48:46","guid":{"rendered":"https:\/\/creatasie.ch\/?page_id=217"},"modified":"2023-11-11T22:30:25","modified_gmt":"2023-11-11T22:30:25","slug":"ueber-mich","status":"publish","type":"page","link":"https:\/\/creatasie.ch\/index.php\/ueber-mich\/","title":{"rendered":"\u00dcber mich"},"content":{"rendered":"\t\t<div data-elementor-type=\"wp-page\" data-elementor-id=\"217\" class=\"elementor elementor-217\">\n\t\t\t\t\t\t\t\t\t<section class=\"elementor-section elementor-top-section elementor-element elementor-element-dde04d7 elementor-section-boxed elementor-section-height-default elementor-section-height-default\" data-id=\"dde04d7\" data-element_type=\"section\">\n\t\t\t\t\t\t<div class=\"elementor-container elementor-column-gap-default\">\n\t\t\t\t\t<div class=\"elementor-column elementor-col-100 elementor-top-column elementor-element elementor-element-d668abc\" data-id=\"d668abc\" data-element_type=\"column\">\n\t\t\t<div class=\"elementor-widget-wrap elementor-element-populated\">\n\t\t\t\t\t\t\t\t<div class=\"elementor-element elementor-element-3d1d7a0 elementor-widget elementor-widget-text-editor\" data-id=\"3d1d7a0\" data-element_type=\"widget\" data-widget_type=\"text-editor.default\">\n\t\t\t\t<div class=\"elementor-widget-container\">\n\t\t\t<style>\/*! elementor - v3.18.0 - 20-11-2023 *\/\n.elementor-widget-text-editor.elementor-drop-cap-view-stacked .elementor-drop-cap{background-color:#69727d;color:#fff}.elementor-widget-text-editor.elementor-drop-cap-view-framed .elementor-drop-cap{color:#69727d;border:3px solid;background-color:transparent}.elementor-widget-text-editor:not(.elementor-drop-cap-view-default) .elementor-drop-cap{margin-top:8px}.elementor-widget-text-editor:not(.elementor-drop-cap-view-default) .elementor-drop-cap-letter{width:1em;height:1em}.elementor-widget-text-editor .elementor-drop-cap{float:left;text-align:center;line-height:1;font-size:50px}.elementor-widget-text-editor .elementor-drop-cap-letter{display:inline-block}<\/style>\t\t\t\t<h5><span style=\"color: #575353; font-family: 'Architects Daughter', Arc;\">Tanja B\u00e4rtschi<\/span><\/h5><h5><span style=\"color: #575353; font-family: 'Architects Daughter', Arc;\">Meine Kinder lehrten mich, dass es die kleinen Dinge sind, welche das Leben lebenswert machen und aus Allt\u00e4glichem Wunderbares wird. So erwachte meine Liebe zur Kunst und Kreativit\u00e4t erneut und bietet mir eine Welt der unendlichen M\u00f6glichkeiten ohne Grenzen, der Kreativit\u00e4t und Fantasie \u2013 das ist Creatasie!<\/span><\/h5><h5><span style=\"color: #575353; font-family: 'Architects Daughter', Arc;\">Mit meinen Kunstwerken m\u00f6chte ich Freude verbreiten und Farbe ins Leben bringen.<\/span><span style=\"color: #575353; font-family: 'Architects Daughter', Arc;\">\u00a0<\/span><\/h5>\t\t\t\t\t\t<\/div>\n\t\t\t\t<\/div>\n\t\t\t\t\t<\/div>\n\t\t<\/div>\n\t\t\t\t\t\t\t<\/div>\n\t\t<\/section>\n\t\t\t\t\t\t\t<\/div>\n\t\t","protected":false},"excerpt":{"rendered":"<p>Tanja B\u00e4rtschi Meine Kinder lehrten mich, dass es die kleinen Dinge sind, welche das Leben lebenswert machen und aus Allt\u00e4glichem Wunderbares wird. So erwachte meine Liebe zur Kunst und Kreativit\u00e4t erneut und bietet mir eine Welt der unendlichen M\u00f6glichkeiten ohne Grenzen, der Kreativit\u00e4t und Fantasie \u2013 das ist Creatasie! Mit meinen Kunstwerken m\u00f6chte ich Freude&hellip;&nbsp;<a href=\"https:\/\/creatasie.ch\/index.php\/ueber-mich\/\" class=\"\" rel=\"bookmark\">Weiterlesen &raquo;<span class=\"screen-reader-text\">\u00dcber mich<\/span><\/a><\/p>\n","protected":false},"author":1,"featured_media":0,"parent":0,"menu_order":0,"comment_status":"closed","ping_status":"closed","template":"","meta":{"neve_meta_sidebar":"","neve_meta_container":"","neve_meta_enable_content_width":"","neve_meta_content_width":0,"neve_meta_title_alignment":"","neve_meta_author_avatar":"","neve_post_elements_order":"","neve_meta_disable_header":"","neve_meta_disable_footer":"","neve_meta_disable_title":"","footnotes":""},"class_list":["post-217","page","type-page","status-publish","hentry"],"yoast_head":"<!-- This site is optimized with the Yoast SEO plugin v21.5 - https:\/\/yoast.com\/wordpress\/plugins\/seo\/ -->\n<title>\u00dcber mich - creatasie<\/title>\n<meta name=\"robots\" content=\"index, follow, max-snippet:-1, max-image-preview:large, max-video-preview:-1\" \/>\n<link rel=\"canonical\" href=\"https:\/\/creatasie.ch\/index.php\/ueber-mich\/\" \/>\n<meta property=\"og:locale\" content=\"de_DE\" \/>\n<meta property=\"og:type\" content=\"article\" \/>\n<meta property=\"og:title\" content=\"\u00dcber mich - creatasie\" \/>\n<meta property=\"og:description\" content=\"Tanja B\u00e4rtschi Meine Kinder lehrten mich, dass es die kleinen Dinge sind, welche das Leben lebenswert machen und aus Allt\u00e4glichem Wunderbares wird. So erwachte meine Liebe zur Kunst und Kreativit\u00e4t erneut und bietet mir eine Welt der unendlichen M\u00f6glichkeiten ohne Grenzen, der Kreativit\u00e4t und Fantasie \u2013 das ist Creatasie! Mit meinen Kunstwerken m\u00f6chte ich Freude&hellip;&nbsp;Weiterlesen &raquo;\u00dcber mich\" \/>\n<meta property=\"og:url\" content=\"https:\/\/creatasie.ch\/index.php\/ueber-mich\/\" \/>\n<meta property=\"og:site_name\" content=\"creatasie\" \/>\n<meta property=\"article:modified_time\" content=\"2023-11-11T22:30:25+00:00\" \/>\n<meta property=\"og:image\" content=\"https:\/\/creatasie.ch\/wp-content\/uploads\/2022\/11\/Logo_schwarz.png\" \/>\n\t<meta property=\"og:image:width\" content=\"500\" \/>\n\t<meta property=\"og:image:height\" content=\"500\" \/>\n\t<meta property=\"og:image:type\" content=\"image\/png\" \/>\n<meta name=\"twitter:card\" content=\"summary_large_image\" \/>\n<meta name=\"twitter:label1\" content=\"Gesch\u00e4tzte Lesezeit\" \/>\n\t<meta name=\"twitter:data1\" content=\"1\u00a0Minute\" \/>\n<script type=\"application\/ld+json\" class=\"yoast-schema-graph\">{\"@context\":\"https:\/\/schema.org\",\"@graph\":[{\"@type\":\"WebPage\",\"@id\":\"https:\/\/creatasie.ch\/index.php\/ueber-mich\/\",\"url\":\"https:\/\/creatasie.ch\/index.php\/ueber-mich\/\",\"name\":\"\u00dcber mich - creatasie\",\"isPartOf\":{\"@id\":\"https:\/\/creatasie.ch\/#website\"},\"datePublished\":\"2022-11-14T21:48:46+00:00\",\"dateModified\":\"2023-11-11T22:30:25+00:00\",\"breadcrumb\":{\"@id\":\"https:\/\/creatasie.ch\/index.php\/ueber-mich\/#breadcrumb\"},\"inLanguage\":\"de-CH\",\"potentialAction\":[{\"@type\":\"ReadAction\",\"target\":[\"https:\/\/creatasie.ch\/index.php\/ueber-mich\/\"]}]},{\"@type\":\"BreadcrumbList\",\"@id\":\"https:\/\/creatasie.ch\/index.php\/ueber-mich\/#breadcrumb\",\"itemListElement\":[{\"@type\":\"ListItem\",\"position\":1,\"name\":\"Home\",\"item\":\"https:\/\/creatasie.ch\/\"},{\"@type\":\"ListItem\",\"position\":2,\"name\":\"\u00dcber mich\"}]},{\"@type\":\"WebSite\",\"@id\":\"https:\/\/creatasie.ch\/#website\",\"url\":\"https:\/\/creatasie.ch\/\",\"name\":\"https:\/\/creatasie.ch\",\"description\":\"\",\"publisher\":{\"@id\":\"https:\/\/creatasie.ch\/#organization\"},\"alternateName\":\"creatasie\",\"potentialAction\":[{\"@type\":\"SearchAction\",\"target\":{\"@type\":\"EntryPoint\",\"urlTemplate\":\"https:\/\/creatasie.ch\/?s={search_term_string}\"},\"query-input\":\"required name=search_term_string\"}],\"inLanguage\":\"de-CH\"},{\"@type\":\"Organization\",\"@id\":\"https:\/\/creatasie.ch\/#organization\",\"name\":\"https:\/\/creatasie.ch\",\"url\":\"https:\/\/creatasie.ch\/\",\"logo\":{\"@type\":\"ImageObject\",\"inLanguage\":\"de-CH\",\"@id\":\"https:\/\/creatasie.ch\/#\/schema\/logo\/image\/\",\"url\":\"https:\/\/creatasie.ch\/wp-content\/uploads\/2023\/02\/LogoCreatasie_wh.png\",\"contentUrl\":\"https:\/\/creatasie.ch\/wp-content\/uploads\/2023\/02\/LogoCreatasie_wh.png\",\"width\":500,\"height\":500,\"caption\":\"https:\/\/creatasie.ch\"},\"image\":{\"@id\":\"https:\/\/creatasie.ch\/#\/schema\/logo\/image\/\"}}]}<\/script>\n<!-- \/ Yoast SEO plugin. -->","yoast_head_json":{"title":"\u00dcber mich - creatasie","robots":{"index":"index","follow":"follow","max-snippet":"max-snippet:-1","max-image-preview":"max-image-preview:large","max-video-preview":"max-video-preview:-1"},"canonical":"https:\/\/creatasie.ch\/index.php\/ueber-mich\/","og_locale":"de_DE","og_type":"article","og_title":"\u00dcber mich - creatasie","og_description":"Tanja B\u00e4rtschi Meine Kinder lehrten mich, dass es die kleinen Dinge sind, welche das Leben lebenswert machen und aus Allt\u00e4glichem Wunderbares wird. So erwachte meine Liebe zur Kunst und Kreativit\u00e4t erneut und bietet mir eine Welt der unendlichen M\u00f6glichkeiten ohne Grenzen, der Kreativit\u00e4t und Fantasie \u2013 das ist Creatasie! Mit meinen Kunstwerken m\u00f6chte ich Freude&hellip;&nbsp;Weiterlesen &raquo;\u00dcber mich","og_url":"https:\/\/creatasie.ch\/index.php\/ueber-mich\/","og_site_name":"creatasie","article_modified_time":"2023-11-11T22:30:25+00:00","og_image":[{"width":500,"height":500,"url":"https:\/\/creatasie.ch\/wp-content\/uploads\/2022\/11\/Logo_schwarz.png","type":"image\/png"}],"twitter_card":"summary_large_image","twitter_misc":{"Gesch\u00e4tzte Lesezeit":"1\u00a0Minute"},"schema":{"@context":"https:\/\/schema.org","@graph":[{"@type":"WebPage","@id":"https:\/\/creatasie.ch\/index.php\/ueber-mich\/","url":"https:\/\/creatasie.ch\/index.php\/ueber-mich\/","name":"\u00dcber mich - creatasie","isPartOf":{"@id":"https:\/\/creatasie.ch\/#website"},"datePublished":"2022-11-14T21:48:46+00:00","dateModified":"2023-11-11T22:30:25+00:00","breadcrumb":{"@id":"https:\/\/creatasie.ch\/index.php\/ueber-mich\/#breadcrumb"},"inLanguage":"de-CH","potentialAction":[{"@type":"ReadAction","target":["https:\/\/creatasie.ch\/index.php\/ueber-mich\/"]}]},{"@type":"BreadcrumbList","@id":"https:\/\/creatasie.ch\/index.php\/ueber-mich\/#breadcrumb","itemListElement":[{"@type":"ListItem","position":1,"name":"Home","item":"https:\/\/creatasie.ch\/"},{"@type":"ListItem","position":2,"name":"\u00dcber mich"}]},{"@type":"WebSite","@id":"https:\/\/creatasie.ch\/#website","url":"https:\/\/creatasie.ch\/","name":"https:\/\/creatasie.ch","description":"","publisher":{"@id":"https:\/\/creatasie.ch\/#organization"},"alternateName":"creatasie","potentialAction":[{"@type":"SearchAction","target":{"@type":"EntryPoint","urlTemplate":"https:\/\/creatasie.ch\/?s={search_term_string}"},"query-input":"required name=search_term_string"}],"inLanguage":"de-CH"},{"@type":"Organization","@id":"https:\/\/creatasie.ch\/#organization","name":"https:\/\/creatasie.ch","url":"https:\/\/creatasie.ch\/","logo":{"@type":"ImageObject","inLanguage":"de-CH","@id":"https:\/\/creatasie.ch\/#\/schema\/logo\/image\/","url":"https:\/\/creatasie.ch\/wp-content\/uploads\/2023\/02\/LogoCreatasie_wh.png","contentUrl":"https:\/\/creatasie.ch\/wp-content\/uploads\/2023\/02\/LogoCreatasie_wh.png","width":500,"height":500,"caption":"https:\/\/creatasie.ch"},"image":{"@id":"https:\/\/creatasie.ch\/#\/schema\/logo\/image\/"}}]}},"jetpack_sharing_enabled":true,"_links":{"self":[{"href":"https:\/\/creatasie.ch\/index.php\/wp-json\/wp\/v2\/pages\/217","targetHints":{"allow":["GET"]}}],"collection":[{"href":"https:\/\/creatasie.ch\/index.php\/wp-json\/wp\/v2\/pages"}],"about":[{"href":"https:\/\/creatasie.ch\/index.php\/wp-json\/wp\/v2\/types\/page"}],"author":[{"embeddable":true,"href":"https:\/\/creatasie.ch\/index.php\/wp-json\/wp\/v2\/users\/1"}],"replies":[{"embeddable":true,"href":"https:\/\/creatasie.ch\/index.php\/wp-json\/wp\/v2\/comments?post=217"}],"version-history":[{"count":27,"href":"https:\/\/creatasie.ch\/index.php\/wp-json\/wp\/v2\/pages\/217\/revisions"}],"predecessor-version":[{"id":1728,"href":"https:\/\/creatasie.ch\/index.php\/wp-json\/wp\/v2\/pages\/217\/revisions\/1728"}],"wp:attachment":[{"href":"https:\/\/creatasie.ch\/index.php\/wp-json\/wp\/v2\/media?parent=217"}],"curies":[{"name":"wp","href":"https:\/\/api.w.org\/{rel}","templated":true}]}}